{"id":758,"date":"2022-10-31T20:43:16","date_gmt":"2022-10-31T20:43:16","guid":{"rendered":"https:\/\/ayspace.de\/?page_id=758"},"modified":"2024-12-31T09:04:13","modified_gmt":"2024-12-31T09:04:13","slug":"ueber-uns","status":"publish","type":"page","link":"https:\/\/ayspace.de\/?page_id=758","title":{"rendered":"\u00dcber uns"},"content":{"rendered":"\t\t<div data-elementor-type=\"wp-page\" data-elementor-id=\"758\" class=\"elementor elementor-758\">\n\t\t\t\t\t\t\t\t\t<section class=\"elementor-section elementor-top-section elementor-element elementor-element-628a732 elementor-section-boxed elementor-section-height-default elementor-section-height-default wpr-particle-no wpr-jarallax-no wpr-parallax-no wpr-sticky-section-no\" data-id=\"628a732\" data-element_type=\"section\" data-settings=\"{&quot;background_background&quot;:&quot;classic&quot;}\">\n\t\t\t\t\t\t\t<div class=\"elementor-background-overlay\"><\/div>\n\t\t\t\t\t\t\t<div class=\"elementor-container elementor-column-gap-default\">\n\t\t\t\t\t<div class=\"elementor-column elementor-col-100 elementor-top-column elementor-element elementor-element-993e0ce\" data-id=\"993e0ce\" data-element_type=\"column\" data-settings=\"{&quot;background_background&quot;:&quot;classic&quot;}\">\n\t\t\t<div class=\"elementor-widget-wrap elementor-element-populated\">\n\t\t\t\t\t\t\t\t<div class=\"elementor-element elementor-element-70e4d91 elementor-absolute elementor-invisible elementor-widget elementor-widget-heading\" data-id=\"70e4d91\" data-element_type=\"widget\" data-settings=\"{&quot;_position&quot;:&quot;absolute&quot;,&quot;_animation&quot;:&quot;fadeInUp&quot;}\" data-widget_type=\"heading.default\">\n\t\t\t\t<div class=\"elementor-widget-container\">\n\t\t\t<style>\/*! elementor - v3.7.8 - 02-10-2022 *\/\n.elementor-heading-title{padding:0;margin:0;line-height:1}.elementor-widget-heading .elementor-heading-title[class*=elementor-size-]>a{color:inherit;font-size:inherit;line-height:inherit}.elementor-widget-heading .elementor-heading-title.elementor-size-small{font-size:15px}.elementor-widget-heading .elementor-heading-title.elementor-size-medium{font-size:19px}.elementor-widget-heading .elementor-heading-title.elementor-size-large{font-size:29px}.elementor-widget-heading .elementor-heading-title.elementor-size-xl{font-size:39px}.elementor-widget-heading .elementor-heading-title.elementor-size-xxl{font-size:59px}<\/style><div class=\"elementor-heading-title elementor-size-default\">\u00dcber uns<\/div>\t\t<\/div>\n\t\t\t\t<\/div>\n\t\t\t\t<section class=\"elementor-section elementor-inner-section elementor-element elementor-element-4b4c594 elementor-section-boxed elementor-section-height-default elementor-section-height-default wpr-particle-no wpr-jarallax-no wpr-parallax-no wpr-sticky-section-no\" data-id=\"4b4c594\" data-element_type=\"section\">\n\t\t\t\t\t\t<div class=\"elementor-container elementor-column-gap-default\">\n\t\t\t\t\t<div class=\"elementor-column elementor-col-100 elementor-inner-column elementor-element elementor-element-75c6509\" data-id=\"75c6509\" data-element_type=\"column\">\n\t\t\t<div class=\"elementor-widget-wrap elementor-element-populated\">\n\t\t\t\t\t\t\t\t<div class=\"elementor-element elementor-element-e3dc89b elementor-invisible elementor-widget elementor-widget-heading\" data-id=\"e3dc89b\" data-element_type=\"widget\" data-settings=\"{&quot;_animation&quot;:&quot;fadeInLeft&quot;}\" data-widget_type=\"heading.default\">\n\t\t\t\t<div class=\"elementor-widget-container\">\n\t\t\t<h1 class=\"elementor-heading-title elementor-size-default\">\u00dcber uns<\/h1>\t\t<\/div>\n\t\t\t\t<\/div>\n\t\t\t\t\t<\/div>\n\t\t<\/div>\n\t\t\t\t\t\t\t<\/div>\n\t\t<\/section>\n\t\t\t\t\t<\/div>\n\t\t<\/div>\n\t\t\t\t\t\t\t<\/div>\n\t\t<\/section>\n\t\t\t\t<section class=\"elementor-section elementor-top-section elementor-element elementor-element-3248d46 elementor-section-boxed elementor-section-height-default elementor-section-height-default wpr-particle-no wpr-jarallax-no wpr-parallax-no wpr-sticky-section-no\" data-id=\"3248d46\" data-element_type=\"section\">\n\t\t\t\t\t\t<div class=\"elementor-container elementor-column-gap-default\">\n\t\t\t\t\t<div class=\"elementor-column elementor-col-50 elementor-top-column elementor-element elementor-element-98a15b9\" data-id=\"98a15b9\" data-element_type=\"column\">\n\t\t\t<div class=\"elementor-widget-wrap elementor-element-populated\">\n\t\t\t\t\t\t\t\t<div class=\"elementor-element elementor-element-94947e7 elementor-invisible elementor-widget elementor-widget-image\" data-id=\"94947e7\" data-element_type=\"widget\" data-settings=\"{&quot;_animation&quot;:&quot;fadeInLeft&quot;}\" data-widget_type=\"image.default\">\n\t\t\t\t<div class=\"elementor-widget-container\">\n\t\t\t<style>\/*! elementor - v3.7.8 - 02-10-2022 *\/\n.elementor-widget-image{text-align:center}.elementor-widget-image a{display:inline-block}.elementor-widget-image a img[src$=\".svg\"]{width:48px}.elementor-widget-image img{vertical-align:middle;display:inline-block}<\/style>\t\t\t\t\t\t\t\t\t\t\t\t<img loading=\"lazy\" decoding=\"async\" width=\"1536\" height=\"2048\" src=\"https:\/\/ayspace.de\/wp-content\/uploads\/2024\/12\/56647a18-d2ff-44a4-848f-1a251e1c15a7.jpeg\" class=\"attachment-full size-full\" alt=\"\" srcset=\"https:\/\/ayspace.de\/wp-content\/uploads\/2024\/12\/56647a18-d2ff-44a4-848f-1a251e1c15a7.jpeg 1536w, https:\/\/ayspace.de\/wp-content\/uploads\/2024\/12\/56647a18-d2ff-44a4-848f-1a251e1c15a7-225x300.jpeg 225w, https:\/\/ayspace.de\/wp-content\/uploads\/2024\/12\/56647a18-d2ff-44a4-848f-1a251e1c15a7-768x1024.jpeg 768w, https:\/\/ayspace.de\/wp-content\/uploads\/2024\/12\/56647a18-d2ff-44a4-848f-1a251e1c15a7-1152x1536.jpeg 1152w, https:\/\/ayspace.de\/wp-content\/uploads\/2024\/12\/56647a18-d2ff-44a4-848f-1a251e1c15a7-600x800.jpeg 600w\" sizes=\"auto, (max-width: 1536px) 100vw, 1536px\" \/>\t\t\t\t\t\t\t\t\t\t\t\t\t\t\t<\/div>\n\t\t\t\t<\/div>\n\t\t\t\t<div class=\"elementor-element elementor-element-9411c6c elementor-widget elementor-widget-heading\" data-id=\"9411c6c\" data-element_type=\"widget\" data-widget_type=\"heading.default\">\n\t\t\t\t<div class=\"elementor-widget-container\">\n\t\t\t<h5 class=\"elementor-heading-title elementor-size-default\">your direct link to quality<\/h5>\t\t<\/div>\n\t\t\t\t<\/div>\n\t\t\t\t\t<\/div>\n\t\t<\/div>\n\t\t\t\t<div class=\"elementor-column elementor-col-50 elementor-top-column elementor-element elementor-element-376c0a7\" data-id=\"376c0a7\" data-element_type=\"column\">\n\t\t\t<div class=\"elementor-widget-wrap elementor-element-populated\">\n\t\t\t\t\t\t\t\t<div class=\"elementor-element elementor-element-308f172 elementor-invisible elementor-widget elementor-widget-heading\" data-id=\"308f172\" data-element_type=\"widget\" data-settings=\"{&quot;_animation&quot;:&quot;fadeInRight&quot;}\" data-widget_type=\"heading.default\">\n\t\t\t\t<div class=\"elementor-widget-container\">\n\t\t\t<h2 class=\"elementor-heading-title elementor-size-default\">\u00dcber uns<\/h2>\t\t<\/div>\n\t\t\t\t<\/div>\n\t\t\t\t<div class=\"elementor-element elementor-element-215bcc4 elementor-invisible elementor-widget elementor-widget-text-editor\" data-id=\"215bcc4\" data-element_type=\"widget\" data-settings=\"{&quot;_animation&quot;:&quot;fadeInRight&quot;,&quot;_animation_delay&quot;:240}\" data-widget_type=\"text-editor.default\">\n\t\t\t\t<div class=\"elementor-widget-container\">\n\t\t\t<style>\/*! elementor - v3.7.8 - 02-10-2022 *\/\n.elementor-widget-text-editor.elementor-drop-cap-view-stacked .elementor-drop-cap{background-color:#818a91;color:#fff}.elementor-widget-text-editor.elementor-drop-cap-view-framed .elementor-drop-cap{color:#818a91;border:3px solid;background-color:transparent}.elementor-widget-text-editor:not(.elementor-drop-cap-view-default) .elementor-drop-cap{margin-top:8px}.elementor-widget-text-editor:not(.elementor-drop-cap-view-default) .elementor-drop-cap-letter{width:1em;height:1em}.elementor-widget-text-editor .elementor-drop-cap{float:left;text-align:center;line-height:1;font-size:50px}.elementor-widget-text-editor .elementor-drop-cap-letter{display:inline-block}<\/style>\t\t\t\t<p><em>Von der Hotellerie und Gastronomie zum M\u00f6belhandel<\/em><\/p>\t\t\t\t\t\t<\/div>\n\t\t\t\t<\/div>\n\t\t\t\t<div class=\"elementor-element elementor-element-3b3aa85 elementor-widget elementor-widget-text-editor\" data-id=\"3b3aa85\" data-element_type=\"widget\" data-widget_type=\"text-editor.default\">\n\t\t\t\t<div class=\"elementor-widget-container\">\n\t\t\t\t\t\t\t<p>\u201cAll what you see is what you can buy\u201d<br \/>stand oben auf der Speisekarte.<br \/>2003 verkaufte ich meine ersten M\u00f6bel im eigenen Restaurant.<\/p><p>Zu guten Speisen und Weinen konnte man das gesamte Interieur kaufen.<br \/>Tische, St\u00fchle, Sideboards, Bilder, Kerzenleuchter und Lampen sowie viele andere Einrichtungsgegenst\u00e4nde.<br \/>Ein einladendes Ambiente und hochwertiges Interieur sind die richtigen Zutaten f\u00fcr eine gute Atmosph\u00e4re und sprechen die Sinne f\u00fcr das Wohlbefinden Ihrer G\u00e4ste an.<\/p><p>M\u00f6bel in der Gastronomie und Hotellerie im t\u00e4glichen Gebrauch sollten nicht nur sexy aussehen, sondern auch so einiges aushalten.<\/p><p>Ayspace hat anhand strenger Kriterien und Kontrollen vor Ort eine Auswahl an M\u00f6belfabriken in Osteuropa und der T\u00fcrkei getroffen, die solche M\u00f6bel zu attraktiven Preisen f\u00fcr gewerbliche Zwecke produzieren.<\/p><p>Ich stehe f\u00fcr Qualit\u00e4t die bezahlbar ist.<\/p>\t\t\t\t\t\t<\/div>\n\t\t\t\t<\/div>\n\t\t\t\t\t<\/div>\n\t\t<\/div>\n\t\t\t\t\t\t\t<\/div>\n\t\t<\/section>\n\t\t\t\t\t\t\t<\/div>\n\t\t","protected":false},"excerpt":{"rendered":"<p>\u00dcber uns \u00dcber uns your direct link to quality \u00dcber uns Von der Hotellerie und Gastronomie zum M\u00f6belhandel \u201cAll what you see is what you can buy\u201dstand oben auf der Speisekarte.2003 verkaufte ich meine ersten M\u00f6bel im eigenen Restaurant. Zu guten Speisen und Weinen konnte man das gesamte Interieur kaufen.Tische, St\u00fchle, Sideboards, Bilder, Kerzenleuchter und [&hellip;]<\/p>\n","protected":false},"author":1,"featured_media":0,"parent":0,"menu_order":0,"comment_status":"closed","ping_status":"closed","template":"elementor_header_footer","meta":{"footnotes":""},"class_list":["post-758","page","type-page","status-publish","hentry"],"_links":{"self":[{"href":"https:\/\/ayspace.de\/index.php?rest_route=\/wp\/v2\/pages\/758","targetHints":{"allow":["GET"]}}],"collection":[{"href":"https:\/\/ayspace.de\/index.php?rest_route=\/wp\/v2\/pages"}],"about":[{"href":"https:\/\/ayspace.de\/index.php?rest_route=\/wp\/v2\/types\/page"}],"author":[{"embeddable":true,"href":"https:\/\/ayspace.de\/index.php?rest_route=\/wp\/v2\/users\/1"}],"replies":[{"embeddable":true,"href":"https:\/\/ayspace.de\/index.php?rest_route=%2Fwp%2Fv2%2Fcomments&post=758"}],"version-history":[{"count":43,"href":"https:\/\/ayspace.de\/index.php?rest_route=\/wp\/v2\/pages\/758\/revisions"}],"predecessor-version":[{"id":1234,"href":"https:\/\/ayspace.de\/index.php?rest_route=\/wp\/v2\/pages\/758\/revisions\/1234"}],"wp:attachment":[{"href":"https:\/\/ayspace.de\/index.php?rest_route=%2Fwp%2Fv2%2Fmedia&parent=758"}],"curies":[{"name":"wp","href":"https:\/\/api.w.org\/{rel}","templated":true}]}}